{"id":1263,"date":"2025-08-02T15:41:35","date_gmt":"2025-08-02T13:41:35","guid":{"rendered":"https:\/\/mapatrecreation.fr\/?page_id=1263"},"modified":"2025-08-04T10:38:57","modified_gmt":"2025-08-04T08:38:57","slug":"lupcycling-est-biblique","status":"publish","type":"page","link":"https:\/\/mapatrecreation.fr\/index.php\/lupcycling-est-biblique\/","title":{"rendered":"L&#8217;upcycling est biblique !"},"content":{"rendered":"\t\t<div data-elementor-type=\"wp-page\" data-elementor-id=\"1263\" class=\"elementor elementor-1263\">\n\t\t\t\t<div class=\"elementor-element elementor-element-f606bb8 e-flex e-con-boxed e-con e-parent\" data-id=\"f606bb8\" data-element_type=\"container\" data-e-type=\"container\" data-settings=\"{&quot;background_background&quot;:&quot;classic&quot;}\">\n\t\t\t\t\t<div class=\"e-con-inner\">\n\t\t\t\t\t<\/div>\n\t\t\t\t<\/div>\n\t\t<div class=\"elementor-element elementor-element-fb7dbac e-flex e-con-boxed e-con e-parent\" data-id=\"fb7dbac\" data-element_type=\"container\" data-e-type=\"container\">\n\t\t\t\t\t<div class=\"e-con-inner\">\n\t\t<div class=\"elementor-element elementor-element-864385e e-con-full e-flex e-con e-child\" data-id=\"864385e\" data-element_type=\"container\" data-e-type=\"container\">\n\t\t\t\t<div class=\"elementor-element elementor-element-4f51e97 elementor-widget elementor-widget-spacer\" data-id=\"4f51e97\" data-element_type=\"widget\" data-e-type=\"widget\" data-widget_type=\"spacer.default\">\n\t\t\t\t<div class=\"elementor-widget-container\">\n\t\t\t\t\t\t\t<div class=\"elementor-spacer\">\n\t\t\t<div class=\"elementor-spacer-inner\"><\/div>\n\t\t<\/div>\n\t\t\t\t\t\t<\/div>\n\t\t\t\t<\/div>\n\t\t\t\t<div class=\"elementor-element elementor-element-c883ff5 elementor-widget elementor-widget-heading\" data-id=\"c883ff5\" data-element_type=\"widget\" data-e-type=\"widget\" data-widget_type=\"heading.default\">\n\t\t\t\t<div class=\"elementor-widget-container\">\n\t\t\t\t\t<h2 class=\"elementor-heading-title elementor-size-default\">D\u00e9j\u00e0, l'UPCYCLING ,c'est quoi ? <\/h2>\t\t\t\t<\/div>\n\t\t\t\t<\/div>\n\t\t\t\t<div class=\"elementor-element elementor-element-2b919c4 elementor-widget elementor-widget-text-editor\" data-id=\"2b919c4\" data-element_type=\"widget\" data-e-type=\"widget\" data-widget_type=\"text-editor.default\">\n\t\t\t\t<div class=\"elementor-widget-container\">\n\t\t\t\t\t\t\t\t\t<h1 class=\"western\">\u00a0<\/h1><p>C&#8217;est le fait de donner une seconde vie \u00e0 de vieux objets ab\u00eem\u00e9s, rejet\u00e9s, abandonn\u00e9s.<\/p><p>Le UPCYCLING est tr\u00e8s populaire dans l&#8217;univers de la mode vestimentaire : on prend de vieux v\u00eatements ou tissus obsol\u00e8tes, ringards, et on les transforme &#8230;au go\u00fbt du jour !<\/p>\t\t\t\t\t\t\t\t<\/div>\n\t\t\t\t<\/div>\n\t\t\t\t<\/div>\n\t\t<div class=\"elementor-element elementor-element-2770785 e-con-full e-flex e-con e-child\" data-id=\"2770785\" data-element_type=\"container\" data-e-type=\"container\">\n\t\t\t\t<div class=\"elementor-element elementor-element-32a760e elementor-widget elementor-widget-spacer\" data-id=\"32a760e\" data-element_type=\"widget\" data-e-type=\"widget\" data-widget_type=\"spacer.default\">\n\t\t\t\t<div class=\"elementor-widget-container\">\n\t\t\t\t\t\t\t<div class=\"elementor-spacer\">\n\t\t\t<div class=\"elementor-spacer-inner\"><\/div>\n\t\t<\/div>\n\t\t\t\t\t\t<\/div>\n\t\t\t\t<\/div>\n\t\t\t\t<div class=\"elementor-element elementor-element-0c17310 elementor-widget elementor-widget-image\" data-id=\"0c17310\" data-element_type=\"widget\" data-e-type=\"widget\" data-widget_type=\"image.default\">\n\t\t\t\t<div class=\"elementor-widget-container\">\n\t\t\t\t\t\t\t\t\t\t\t\t\t\t\t<img decoding=\"async\" width=\"196\" height=\"208\" src=\"https:\/\/mapatrecreation.fr\/wp-content\/uploads\/2025\/08\/Screenshot-2025-08-03-at-10-46-56-12-700-Upcycling-Photos-taleaux-et-images-libre-de-droits-iStock-Recyclage-Recycling-Diy-1.png\" class=\"attachment-1536x1536 size-1536x1536 wp-image-1270\" alt=\"\" \/>\t\t\t\t\t\t\t\t\t\t\t\t\t\t\t<\/div>\n\t\t\t\t<\/div>\n\t\t\t\t<\/div>\n\t\t<div class=\"elementor-element elementor-element-8d3369c e-con-full e-flex e-con e-child\" data-id=\"8d3369c\" data-element_type=\"container\" data-e-type=\"container\">\n\t\t\t\t<div class=\"elementor-element elementor-element-fd8e2a5 elementor-widget elementor-widget-image\" data-id=\"fd8e2a5\" data-element_type=\"widget\" data-e-type=\"widget\" data-widget_type=\"image.default\">\n\t\t\t\t<div class=\"elementor-widget-container\">\n\t\t\t\t\t\t\t\t\t\t\t\t\t\t\t<img fetchpriority=\"high\" decoding=\"async\" width=\"1024\" height=\"825\" src=\"https:\/\/mapatrecreation.fr\/wp-content\/uploads\/2025\/08\/IMG_20250429_174615-1024x825.jpg\" class=\"attachment-large size-large wp-image-1268\" alt=\"\" srcset=\"https:\/\/mapatrecreation.fr\/wp-content\/uploads\/2025\/08\/IMG_20250429_174615-1024x825.jpg 1024w, https:\/\/mapatrecreation.fr\/wp-content\/uploads\/2025\/08\/IMG_20250429_174615-300x242.jpg 300w, https:\/\/mapatrecreation.fr\/wp-content\/uploads\/2025\/08\/IMG_20250429_174615-768x619.jpg 768w, https:\/\/mapatrecreation.fr\/wp-content\/uploads\/2025\/08\/IMG_20250429_174615-1536x1238.jpg 1536w, https:\/\/mapatrecreation.fr\/wp-content\/uploads\/2025\/08\/IMG_20250429_174615-2048x1651.jpg 2048w, https:\/\/mapatrecreation.fr\/wp-content\/uploads\/2025\/08\/IMG_20250429_174615-600x484.jpg 600w\" sizes=\"(max-width: 1024px) 100vw, 1024px\" \/>\t\t\t\t\t\t\t\t\t\t\t\t\t\t\t<\/div>\n\t\t\t\t<\/div>\n\t\t\t\t<\/div>\n\t\t<div class=\"elementor-element elementor-element-3e3dad7 e-con-full e-flex e-con e-child\" data-id=\"3e3dad7\" data-element_type=\"container\" data-e-type=\"container\">\n\t\t\t\t<div class=\"elementor-element elementor-element-cc71910 elementor-widget elementor-widget-text-editor\" data-id=\"cc71910\" data-element_type=\"widget\" data-e-type=\"widget\" data-widget_type=\"text-editor.default\">\n\t\t\t\t<div class=\"elementor-widget-container\">\n\t\t\t\t\t\t\t\t\t<p>Pour ma part, j&#8217;ai d\u00e9cid\u00e9 d&#8217;upcycler et de personnaliser des objets utiles du quotidien, plut\u00f4t que des v\u00eatements. Et tout le process est une pure et d\u00e9licieuse aventure : la d\u00e9couverte du vieil objet, le constat de son \u00e9tat de d\u00e9labrement, le potentiel que je vois en lui, le r\u00e9sultat final qaue je visualise, l&#8217;excitation de voir le process de transformation qui va s&#8217;op\u00e9rer&#8230; de l&#8217;ancienne \u00e0 la nouvelle cr\u00e9ation !<\/p><p>\u00a0<\/p><p>Voici : toutes choses sont devenues nouvelles !<\/p>\t\t\t\t\t\t\t\t<\/div>\n\t\t\t\t<\/div>\n\t\t\t\t<\/div>\n\t\t\t\t\t<\/div>\n\t\t\t\t<\/div>\n\t\t<div class=\"elementor-element elementor-element-6b95743 e-flex e-con-boxed e-con e-parent\" data-id=\"6b95743\" data-element_type=\"container\" data-e-type=\"container\">\n\t\t\t\t\t<div class=\"e-con-inner\">\n\t\t<div class=\"elementor-element elementor-element-202c2db e-con-full e-flex e-con e-child\" data-id=\"202c2db\" data-element_type=\"container\" data-e-type=\"container\">\n\t\t\t\t<div class=\"elementor-element elementor-element-8c252a2 elementor-widget elementor-widget-text-editor\" data-id=\"8c252a2\" data-element_type=\"widget\" data-e-type=\"widget\" data-widget_type=\"text-editor.default\">\n\t\t\t\t<div class=\"elementor-widget-container\">\n\t\t\t\t\t\t\t\t\t<p>Tout cela nous parle tellement de ce que Dieu fait dans la vie d&#8217;une \u00e2me perdue pour laquelle J\u00e9sus-Christ a donn\u00e9 Sa vie&#8230;<\/p><p>Alors que nous \u00e9tions encore p\u00e9cheurs, Christ est mort pour nous.<\/p><p>Et comment Dieu nous prend, nous lave, nous rev\u00eat de Sa digniti\u00e9, nous transforme de gloire en gloire,\u00a0<\/p><p>comment IL r\u00e9v\u00e8le progressivement le caract\u00e8re de Christ en nous&#8230;<\/p><p>\u00a0<\/p><p>Tellement magnifique !<\/p>\t\t\t\t\t\t\t\t<\/div>\n\t\t\t\t<\/div>\n\t\t\t\t<\/div>\n\t\t<div class=\"elementor-element elementor-element-d581829 e-con-full e-flex e-con e-child\" data-id=\"d581829\" data-element_type=\"container\" data-e-type=\"container\">\n\t\t\t\t<div class=\"elementor-element elementor-element-0cfdd8f elementor-widget elementor-widget-image\" data-id=\"0cfdd8f\" data-element_type=\"widget\" data-e-type=\"widget\" data-widget_type=\"image.default\">\n\t\t\t\t<div class=\"elementor-widget-container\">\n\t\t\t\t\t\t\t\t\t\t\t\t\t\t\t<img decoding=\"async\" width=\"968\" height=\"1024\" src=\"https:\/\/mapatrecreation.fr\/wp-content\/uploads\/2025\/08\/DSC_2821-968x1024.jpg\" class=\"attachment-large size-large wp-image-1214\" alt=\"\" srcset=\"https:\/\/mapatrecreation.fr\/wp-content\/uploads\/2025\/08\/DSC_2821-968x1024.jpg 968w, https:\/\/mapatrecreation.fr\/wp-content\/uploads\/2025\/08\/DSC_2821-284x300.jpg 284w, https:\/\/mapatrecreation.fr\/wp-content\/uploads\/2025\/08\/DSC_2821-768x812.jpg 768w, https:\/\/mapatrecreation.fr\/wp-content\/uploads\/2025\/08\/DSC_2821-1452x1536.jpg 1452w, https:\/\/mapatrecreation.fr\/wp-content\/uploads\/2025\/08\/DSC_2821-1937x2048.jpg 1937w, https:\/\/mapatrecreation.fr\/wp-content\/uploads\/2025\/08\/DSC_2821-600x635.jpg 600w\" sizes=\"(max-width: 968px) 100vw, 968px\" \/>\t\t\t\t\t\t\t\t\t\t\t\t\t\t\t<\/div>\n\t\t\t\t<\/div>\n\t\t\t\t<\/div>\n\t\t<div class=\"elementor-element elementor-element-9b95e41 e-con-full e-flex e-con e-child\" data-id=\"9b95e41\" data-element_type=\"container\" data-e-type=\"container\">\n\t\t\t\t<div class=\"elementor-element elementor-element-60e4e05 elementor-widget elementor-widget-image\" data-id=\"60e4e05\" data-element_type=\"widget\" data-e-type=\"widget\" data-widget_type=\"image.default\">\n\t\t\t\t<div class=\"elementor-widget-container\">\n\t\t\t\t\t\t\t\t\t\t\t\t\t\t\t<img loading=\"lazy\" decoding=\"async\" width=\"280\" height=\"300\" src=\"https:\/\/mapatrecreation.fr\/wp-content\/uploads\/2025\/08\/IMG-20241019-WA0013-280x300.jpg\" class=\"attachment-medium size-medium wp-image-1289\" alt=\"\" srcset=\"https:\/\/mapatrecreation.fr\/wp-content\/uploads\/2025\/08\/IMG-20241019-WA0013-280x300.jpg 280w, https:\/\/mapatrecreation.fr\/wp-content\/uploads\/2025\/08\/IMG-20241019-WA0013-600x642.jpg 600w, https:\/\/mapatrecreation.fr\/wp-content\/uploads\/2025\/08\/IMG-20241019-WA0013.jpg 746w\" sizes=\"(max-width: 280px) 100vw, 280px\" \/>\t\t\t\t\t\t\t\t\t\t\t\t\t\t\t<\/div>\n\t\t\t\t<\/div>\n\t\t\t\t<\/div>\n\t\t<div class=\"elementor-element elementor-element-12ca3ae e-con-full e-flex e-con e-child\" data-id=\"12ca3ae\" data-element_type=\"container\" data-e-type=\"container\">\n\t\t\t\t<div class=\"elementor-element elementor-element-50c15f8 elementor-widget elementor-widget-spacer\" data-id=\"50c15f8\" data-element_type=\"widget\" data-e-type=\"widget\" data-widget_type=\"spacer.default\">\n\t\t\t\t<div class=\"elementor-widget-container\">\n\t\t\t\t\t\t\t<div class=\"elementor-spacer\">\n\t\t\t<div class=\"elementor-spacer-inner\"><\/div>\n\t\t<\/div>\n\t\t\t\t\t\t<\/div>\n\t\t\t\t<\/div>\n\t\t\t\t<div class=\"elementor-element elementor-element-c412892 elementor-widget elementor-widget-text-editor\" data-id=\"c412892\" data-element_type=\"widget\" data-e-type=\"widget\" data-widget_type=\"text-editor.default\">\n\t\t\t\t<div class=\"elementor-widget-container\">\n\t\t\t\t\t\t\t\t\t<p>C&#8217;est l\u00e0 tout le sens et toute la beaut\u00e9 de cet artisanat chr\u00e9tien : des cr\u00e9ations inspir\u00e9es et inspirantes, \u00e0 l&#8217;image de notre merveilleux Cr\u00e9ateur !<\/p>\t\t\t\t\t\t\t\t<\/div>\n\t\t\t\t<\/div>\n\t\t\t\t<\/div>\n\t\t\t\t\t<\/div>\n\t\t\t\t<\/div>\n\t\t\t\t<\/div>\n\t\t","protected":false},"excerpt":{"rendered":"<p>D\u00e9j\u00e0, l&#8217;UPCYCLING ,c&#8217;est quoi ? \u00a0 C&#8217;est le fait de donner une seconde vie \u00e0 de vieux objets ab\u00eem\u00e9s, rejet\u00e9s, abandonn\u00e9s. Le UPCYCLING est tr\u00e8s populaire dans l&#8217;univers de la mode vestimentaire : on prend de vieux v\u00eatements ou tissus obsol\u00e8tes, ringards, et on les transforme &#8230;au go\u00fbt du jour ! Pour ma part, j&#8217;ai [&hellip;]<\/p>\n","protected":false},"author":1,"featured_media":0,"parent":0,"menu_order":0,"comment_status":"closed","ping_status":"closed","template":"","meta":{"ocean_post_layout":"","ocean_both_sidebars_style":"","ocean_both_sidebars_content_width":0,"ocean_both_sidebars_sidebars_width":0,"ocean_sidebar":"","ocean_second_sidebar":"","ocean_disable_margins":"enable","ocean_add_body_class":"","ocean_shortcode_before_top_bar":"","ocean_shortcode_after_top_bar":"","ocean_shortcode_before_header":"","ocean_shortcode_after_header":"","ocean_has_shortcode":"","ocean_shortcode_after_title":"","ocean_shortcode_before_footer_widgets":"","ocean_shortcode_after_footer_widgets":"","ocean_shortcode_before_footer_bottom":"","ocean_shortcode_after_footer_bottom":"","ocean_display_top_bar":"default","ocean_display_header":"default","ocean_header_style":"","ocean_center_header_left_menu":"","ocean_custom_header_template":"","ocean_custom_logo":0,"ocean_custom_retina_logo":0,"ocean_custom_logo_max_width":0,"ocean_custom_logo_tablet_max_width":0,"ocean_custom_logo_mobile_max_width":0,"ocean_custom_logo_max_height":0,"ocean_custom_logo_tablet_max_height":0,"ocean_custom_logo_mobile_max_height":0,"ocean_header_custom_menu":"","ocean_menu_typo_font_family":"","ocean_menu_typo_font_subset":"","ocean_menu_typo_font_size":0,"ocean_menu_typo_font_size_tablet":0,"ocean_menu_typo_font_size_mobile":0,"ocean_menu_typo_font_size_unit":"px","ocean_menu_typo_font_weight":"","ocean_menu_typo_font_weight_tablet":"","ocean_menu_typo_font_weight_mobile":"","ocean_menu_typo_transform":"","ocean_menu_typo_transform_tablet":"","ocean_menu_typo_transform_mobile":"","ocean_menu_typo_line_height":0,"ocean_menu_typo_line_height_tablet":0,"ocean_menu_typo_line_height_mobile":0,"ocean_menu_typo_line_height_unit":"","ocean_menu_typo_spacing":0,"ocean_menu_typo_spacing_tablet":0,"ocean_menu_typo_spacing_mobile":0,"ocean_menu_typo_spacing_unit":"","ocean_menu_link_color":"","ocean_menu_link_color_hover":"","ocean_menu_link_color_active":"","ocean_menu_link_background":"","ocean_menu_link_hover_background":"","ocean_menu_link_active_background":"","ocean_menu_social_links_bg":"","ocean_menu_social_hover_links_bg":"","ocean_menu_social_links_color":"","ocean_menu_social_hover_links_color":"","ocean_disable_title":"default","ocean_disable_heading":"default","ocean_post_title":"","ocean_post_subheading":"","ocean_post_title_style":"","ocean_post_title_background_color":"","ocean_post_title_background":0,"ocean_post_title_bg_image_position":"","ocean_post_title_bg_image_attachment":"","ocean_post_title_bg_image_repeat":"","ocean_post_title_bg_image_size":"","ocean_post_title_height":0,"ocean_post_title_bg_overlay":0.5,"ocean_post_title_bg_overlay_color":"","ocean_disable_breadcrumbs":"default","ocean_breadcrumbs_color":"","ocean_breadcrumbs_separator_color":"","ocean_breadcrumbs_links_color":"","ocean_breadcrumbs_links_hover_color":"","ocean_display_footer_widgets":"default","ocean_display_footer_bottom":"default","ocean_custom_footer_template":"","footnotes":""},"class_list":["post-1263","page","type-page","status-publish","hentry","entry","owp-thumbs-layout-horizontal","owp-btn-normal","owp-tabs-layout-horizontal","has-no-thumbnails","has-product-nav"],"jetpack_sharing_enabled":true,"_links":{"self":[{"href":"https:\/\/mapatrecreation.fr\/index.php\/wp-json\/wp\/v2\/pages\/1263","targetHints":{"allow":["GET"]}}],"collection":[{"href":"https:\/\/mapatrecreation.fr\/index.php\/wp-json\/wp\/v2\/pages"}],"about":[{"href":"https:\/\/mapatrecreation.fr\/index.php\/wp-json\/wp\/v2\/types\/page"}],"author":[{"embeddable":true,"href":"https:\/\/mapatrecreation.fr\/index.php\/wp-json\/wp\/v2\/users\/1"}],"replies":[{"embeddable":true,"href":"https:\/\/mapatrecreation.fr\/index.php\/wp-json\/wp\/v2\/comments?post=1263"}],"version-history":[{"count":17,"href":"https:\/\/mapatrecreation.fr\/index.php\/wp-json\/wp\/v2\/pages\/1263\/revisions"}],"predecessor-version":[{"id":1304,"href":"https:\/\/mapatrecreation.fr\/index.php\/wp-json\/wp\/v2\/pages\/1263\/revisions\/1304"}],"wp:attachment":[{"href":"https:\/\/mapatrecreation.fr\/index.php\/wp-json\/wp\/v2\/media?parent=1263"}],"curies":[{"name":"wp","href":"https:\/\/api.w.org\/{rel}","templated":true}]}}